{"id":173,"date":"2025-10-03T15:41:12","date_gmt":"2025-10-03T15:41:12","guid":{"rendered":"https:\/\/seashell-narwhal-461350.hostingersite.com\/?page_id=173"},"modified":"2025-11-19T20:40:39","modified_gmt":"2025-11-19T20:40:39","slug":"politica-de-privacidad","status":"publish","type":"page","link":"https:\/\/xn--profeenespaol-skb.com\/en\/politica-de-privacidad\/","title":{"rendered":"Privacy Policy"},"content":{"rendered":"\t\t<div data-elementor-type=\"wp-page\" data-elementor-id=\"173\" class=\"elementor elementor-173\">\n\t\t\t\t<div class=\"elementor-element elementor-element-894eef6 e-flex e-con-boxed e-con e-parent\" data-id=\"894eef6\" data-element_type=\"container\">\n\t\t\t\t\t<div class=\"e-con-inner\">\n\t\t\t\t<div class=\"elementor-element elementor-element-65eda2cc elementor-widget elementor-widget-text-editor\" data-id=\"65eda2cc\" data-element_type=\"widget\" data-widget_type=\"text-editor.default\">\n\t\t\t\t\t\t\t\t\t<p><strong>Last updated:<\/strong> [August 24, 2025]<br \/><strong>Data Controller:<\/strong><br \/><strong>Full Name:<\/strong> Esperanza Torrente<br \/><strong>Brand:<\/strong> <em>Profe en Espa\u00f1ol<\/em><br \/><strong>Contact Email:<\/strong> [info@profeenespa\u00f1ol.com]<\/p><hr \/><p>\ud83d\udd39 Who We Are<\/p><p>I\u2019m Leidy Torrente, founder of <em>Profe en Espa\u00f1ol<\/em>, committed to respecting and protecting your privacy.<br \/>This Privacy Policy explains what information I collect, how I use it, and what measures I take to ensure its protection.<\/p><hr \/><h3 class=\"western\">\ud83d\udd39 Information We Collect<\/h3><p>We collect personal information (such as your name, email address, and contact number) when you register for a course or contact us via forms or WhatsApp.<\/p><p>We also collect browsing data through cookies and tracking technologies (including the Meta Pixel), always with your consent.<\/p><p>When visitors leave comments, we collect the data shown in the comment form, along with the visitor\u2019s IP address and browser information to help detect spam.<\/p><hr \/><h3 class=\"western\">\ud83d\udd39 How We Use Your Information<\/h3><p>We use your information to:<\/p><ul><li><p>Process enrollments and respond to inquiries.<\/p><\/li><li><p>Send communications related to your classes or courses.<\/p><\/li><li><p>Analyze and improve advertising performance using tools like the Meta Pixel, to show you relevant content.<\/p><\/li><\/ul><hr \/><h3 class=\"western\">\ud83d\udd39 Legal Basis for Processing<\/h3><p>We process your data based on:<\/p><ul><li><p>Your consent (e.g., receiving marketing communications, using marketing cookies).<\/p><\/li><li><p>Contract performance (to process your course enrollment).<\/p><\/li><li><p>Our legitimate interests (to improve services and optimize advertising campaigns).<\/p><\/li><\/ul><hr \/><h3 class=\"western\">\ud83d\udd39 Media Usage<\/h3><p>If you upload images to the website, please avoid including location data (EXIF GPS), as visitors may download and extract that information.<\/p><hr \/><h3 class=\"western\">\ud83d\udd39 Cookies and Tracking Technologies<\/h3><p>This website uses cookies to:<\/p><ul><li><p>Remember your session preferences.<\/p><\/li><li><p>Analyze traffic and improve user experience.<\/p><\/li><li><p>Display personalized ads using the Meta Pixel.<\/p><\/li><\/ul><p>You can accept or reject analytical and marketing cookies at any time through your browser settings.<\/p><hr \/><h3 class=\"western\">\ud83d\udd39 Embedded Content from Other Websites<\/h3><p>Articles on this site may include embedded content (e.g., videos, images, articles).<br \/>Embedded content behaves in the same way as if you had visited the source website directly, which may collect data and use third-party tracking.<\/p><hr \/><h3 class=\"western\">\ud83d\udd39 Who We Share Your Data With<\/h3><p>We may share limited data with third parties such as <strong>Meta Platforms, Inc.<\/strong> or <strong>Google LLC<\/strong> for advertising or analytics purposes, always anonymized or pseudonymized where possible.<\/p><p>If you request a password reset, your IP address will be included in the reset email.<\/p><hr \/><h3 class=\"western\">\ud83d\udd39 International Data Transfers<\/h3><p>Your data may be processed in countries outside the European Economic Area, such as the United States.<br \/>We implement appropriate safeguards (like the European Commission\u2019s Standard Contractual Clauses) to protect your data.<\/p><hr \/><h3 class=\"western\">\ud83d\udd39 Data Retention<\/h3><p>If you leave a comment, it and its metadata are retained indefinitely to recognize and approve future comments automatically.<\/p><p>For registered users, personal information is stored as long as the account remains active or the user continues using our services.<br \/>You may request deletion at any time.<\/p><hr \/><h3 class=\"western\">\ud83d\udd39 User Rights<\/h3><p>You have the right to access, rectify, or delete your personal data at any time.<br \/>You may also object to processing, request restriction, or request data portability.<\/p><p>To exercise these rights, contact us at <strong>info@profeenespa\u00f1ol.com<\/strong>.<br \/>We will respond within <strong>30 business days<\/strong>.<\/p><p>You may withdraw your consent to data processing at any time without affecting the legality of prior processing.<\/p><hr \/><h3 class=\"western\">\ud83d\udd39 Data Security<\/h3><p>We apply reasonable technical and organizational measures to protect your information against loss, unauthorized access, or alteration.<br \/>No system is completely secure, but we act diligently to minimize risks.<\/p><p>If a data breach occurs that may affect your rights, you will be notified in accordance with applicable law.<\/p><hr \/><h3 class=\"western\">\ud83d\udd39 Changes and Contact<\/h3><p>We may update this Privacy Policy periodically to reflect legal or service changes.<br \/>The \u201clast updated\u201d date will always appear at the top of the document.<\/p><p>If you have questions or concerns about this Privacy Policy or how we handle your data, please contact us at:<br \/>\ud83d\udce7 <strong>info@profeenespa\u00f1ol.com<\/strong><\/p>\t\t\t\t\t\t\t\t<\/div>\n\t\t\t\t\t<\/div>\n\t\t\t\t<\/div>\n\t\t\t\t<\/div>\n\t\t","protected":false},"excerpt":{"rendered":"<p>Last updated: [August 24, 2025]Data Controller:Full Name: Esperanza TorrenteBrand: Profe en Espa\u00f1olContact Email: [info@profeenespa\u00f1ol.com] \ud83d\udd39 Who We Are I\u2019m Leidy Torrente, founder of Profe en Espa\u00f1ol, committed to respecting and protecting your privacy.This Privacy Policy explains what information I collect, how I use it, and what measures I take to ensure its protection. \ud83d\udd39 Information [&hellip;]<\/p>\n","protected":false},"author":1,"featured_media":0,"parent":0,"menu_order":4,"comment_status":"closed","ping_status":"closed","template":"elementor_theme","meta":{"_monsterinsights_skip_tracking":false,"_monsterinsights_sitenote_active":false,"_monsterinsights_sitenote_note":"","_monsterinsights_sitenote_category":0,"footnotes":""},"class_list":["post-173","page","type-page","status-publish","hentry"],"yoast_head":"<!-- This site is optimized with the Yoast SEO plugin v27.3 - https:\/\/yoast.com\/product\/yoast-seo-wordpress\/ -->\n<title>Privacy Policy - Profe en Espa\u00f1ol<\/title>\n<meta name=\"robots\" content=\"index, follow, max-snippet:-1, max-image-preview:large, max-video-preview:-1\" \/>\n<link rel=\"canonical\" href=\"https:\/\/xn--profeenespaol-skb.com\/en\/politica-de-privacidad\/\" \/>\n<meta property=\"og:locale\" content=\"en_US\" \/>\n<meta property=\"og:type\" content=\"article\" \/>\n<meta property=\"og:title\" content=\"Privacy Policy - Profe en Espa\u00f1ol\" \/>\n<meta property=\"og:description\" content=\"Last updated: [August 24, 2025]Data Controller:Full Name: Esperanza TorrenteBrand: Profe en Espa\u00f1olContact Email: [info@profeenespa\u00f1ol.com] \ud83d\udd39 Who We Are I\u2019m Leidy Torrente, founder of Profe en Espa\u00f1ol, committed to respecting and protecting your privacy.This Privacy Policy explains what information I collect, how I use it, and what measures I take to ensure its protection. \ud83d\udd39 Information [&hellip;]\" \/>\n<meta property=\"og:url\" content=\"https:\/\/xn--profeenespaol-skb.com\/en\/politica-de-privacidad\/\" \/>\n<meta property=\"og:site_name\" content=\"Profe en Espa\u00f1ol\" \/>\n<meta property=\"article:modified_time\" content=\"2025-11-19T20:40:39+00:00\" \/>\n<meta name=\"twitter:card\" content=\"summary_large_image\" \/>\n<meta name=\"twitter:label1\" content=\"Est. reading time\" \/>\n\t<meta name=\"twitter:data1\" content=\"3 minutes\" \/>\n<script type=\"application\/ld+json\" class=\"yoast-schema-graph\">{\"@context\":\"https:\\\/\\\/schema.org\",\"@graph\":[{\"@type\":\"WebPage\",\"@id\":\"https:\\\/\\\/xn--profeenespaol-skb.com\\\/politica-de-privacidad\\\/\",\"url\":\"https:\\\/\\\/xn--profeenespaol-skb.com\\\/politica-de-privacidad\\\/\",\"name\":\"Privacy Policy - Profe en Espa\u00f1ol\",\"isPartOf\":{\"@id\":\"https:\\\/\\\/xn--profeenespaol-skb.com\\\/#website\"},\"datePublished\":\"2025-10-03T15:41:12+00:00\",\"dateModified\":\"2025-11-19T20:40:39+00:00\",\"breadcrumb\":{\"@id\":\"https:\\\/\\\/xn--profeenespaol-skb.com\\\/politica-de-privacidad\\\/#breadcrumb\"},\"inLanguage\":\"en-US\",\"potentialAction\":[{\"@type\":\"ReadAction\",\"target\":[\"https:\\\/\\\/xn--profeenespaol-skb.com\\\/politica-de-privacidad\\\/\"]}]},{\"@type\":\"BreadcrumbList\",\"@id\":\"https:\\\/\\\/xn--profeenespaol-skb.com\\\/politica-de-privacidad\\\/#breadcrumb\",\"itemListElement\":[{\"@type\":\"ListItem\",\"position\":1,\"name\":\"Inicio\",\"item\":\"https:\\\/\\\/xn--profeenespaol-skb.com\\\/\"},{\"@type\":\"ListItem\",\"position\":2,\"name\":\"Privacy Policy\"}]},{\"@type\":\"WebSite\",\"@id\":\"https:\\\/\\\/xn--profeenespaol-skb.com\\\/#website\",\"url\":\"https:\\\/\\\/xn--profeenespaol-skb.com\\\/\",\"name\":\"Profe en Espa\u00f1ol\",\"description\":\"Build real Spanish fluency for work and daily life. Speak naturally in conversations with confidence. Small group coaching for professionals.\",\"publisher\":{\"@id\":\"https:\\\/\\\/xn--profeenespaol-skb.com\\\/#organization\"},\"potentialAction\":[{\"@type\":\"SearchAction\",\"target\":{\"@type\":\"EntryPoint\",\"urlTemplate\":\"https:\\\/\\\/xn--profeenespaol-skb.com\\\/?s={search_term_string}\"},\"query-input\":{\"@type\":\"PropertyValueSpecification\",\"valueRequired\":true,\"valueName\":\"search_term_string\"}}],\"inLanguage\":\"en-US\"},{\"@type\":\"Organization\",\"@id\":\"https:\\\/\\\/xn--profeenespaol-skb.com\\\/#organization\",\"name\":\"Profe en Espa\u00f1ol\",\"url\":\"https:\\\/\\\/xn--profeenespaol-skb.com\\\/\",\"logo\":{\"@type\":\"ImageObject\",\"inLanguage\":\"en-US\",\"@id\":\"https:\\\/\\\/xn--profeenespaol-skb.com\\\/#\\\/schema\\\/logo\\\/image\\\/\",\"url\":\"https:\\\/\\\/xn--profeenespaol-skb.com\\\/wp-content\\\/uploads\\\/2025\\\/08\\\/LogoActualiizadoAgosti182025.png\",\"contentUrl\":\"https:\\\/\\\/xn--profeenespaol-skb.com\\\/wp-content\\\/uploads\\\/2025\\\/08\\\/LogoActualiizadoAgosti182025.png\",\"width\":1024,\"height\":1024,\"caption\":\"Profe en Espa\u00f1ol\"},\"image\":{\"@id\":\"https:\\\/\\\/xn--profeenespaol-skb.com\\\/#\\\/schema\\\/logo\\\/image\\\/\"}}]}<\/script>\n<!-- \/ Yoast SEO plugin. -->","yoast_head_json":{"title":"Privacy Policy - Profe en Espa\u00f1ol","robots":{"index":"index","follow":"follow","max-snippet":"max-snippet:-1","max-image-preview":"max-image-preview:large","max-video-preview":"max-video-preview:-1"},"canonical":"https:\/\/xn--profeenespaol-skb.com\/en\/politica-de-privacidad\/","og_locale":"en_US","og_type":"article","og_title":"Privacy Policy - Profe en Espa\u00f1ol","og_description":"Last updated: [August 24, 2025]Data Controller:Full Name: Esperanza TorrenteBrand: Profe en Espa\u00f1olContact Email: [info@profeenespa\u00f1ol.com] \ud83d\udd39 Who We Are I\u2019m Leidy Torrente, founder of Profe en Espa\u00f1ol, committed to respecting and protecting your privacy.This Privacy Policy explains what information I collect, how I use it, and what measures I take to ensure its protection. \ud83d\udd39 Information [&hellip;]","og_url":"https:\/\/xn--profeenespaol-skb.com\/en\/politica-de-privacidad\/","og_site_name":"Profe en Espa\u00f1ol","article_modified_time":"2025-11-19T20:40:39+00:00","twitter_card":"summary_large_image","twitter_misc":{"Est. reading time":"3 minutes"},"schema":{"@context":"https:\/\/schema.org","@graph":[{"@type":"WebPage","@id":"https:\/\/xn--profeenespaol-skb.com\/politica-de-privacidad\/","url":"https:\/\/xn--profeenespaol-skb.com\/politica-de-privacidad\/","name":"Privacy Policy - Profe en Espa\u00f1ol","isPartOf":{"@id":"https:\/\/xn--profeenespaol-skb.com\/#website"},"datePublished":"2025-10-03T15:41:12+00:00","dateModified":"2025-11-19T20:40:39+00:00","breadcrumb":{"@id":"https:\/\/xn--profeenespaol-skb.com\/politica-de-privacidad\/#breadcrumb"},"inLanguage":"en-US","potentialAction":[{"@type":"ReadAction","target":["https:\/\/xn--profeenespaol-skb.com\/politica-de-privacidad\/"]}]},{"@type":"BreadcrumbList","@id":"https:\/\/xn--profeenespaol-skb.com\/politica-de-privacidad\/#breadcrumb","itemListElement":[{"@type":"ListItem","position":1,"name":"Inicio","item":"https:\/\/xn--profeenespaol-skb.com\/"},{"@type":"ListItem","position":2,"name":"Privacy Policy"}]},{"@type":"WebSite","@id":"https:\/\/xn--profeenespaol-skb.com\/#website","url":"https:\/\/xn--profeenespaol-skb.com\/","name":"Profe en Espa\u00f1ol","description":"Build real Spanish fluency for work and daily life. Speak naturally in conversations with confidence. Small group coaching for professionals.","publisher":{"@id":"https:\/\/xn--profeenespaol-skb.com\/#organization"},"potentialAction":[{"@type":"SearchAction","target":{"@type":"EntryPoint","urlTemplate":"https:\/\/xn--profeenespaol-skb.com\/?s={search_term_string}"},"query-input":{"@type":"PropertyValueSpecification","valueRequired":true,"valueName":"search_term_string"}}],"inLanguage":"en-US"},{"@type":"Organization","@id":"https:\/\/xn--profeenespaol-skb.com\/#organization","name":"Profe en Espa\u00f1ol","url":"https:\/\/xn--profeenespaol-skb.com\/","logo":{"@type":"ImageObject","inLanguage":"en-US","@id":"https:\/\/xn--profeenespaol-skb.com\/#\/schema\/logo\/image\/","url":"https:\/\/xn--profeenespaol-skb.com\/wp-content\/uploads\/2025\/08\/LogoActualiizadoAgosti182025.png","contentUrl":"https:\/\/xn--profeenespaol-skb.com\/wp-content\/uploads\/2025\/08\/LogoActualiizadoAgosti182025.png","width":1024,"height":1024,"caption":"Profe en Espa\u00f1ol"},"image":{"@id":"https:\/\/xn--profeenespaol-skb.com\/#\/schema\/logo\/image\/"}}]}},"rttpg_featured_image_url":null,"rttpg_author":{"display_name":"tleidy@gmail.com","author_link":"https:\/\/xn--profeenespaol-skb.com\/en\/author\/tleidygmail-com\/"},"rttpg_comment":0,"rttpg_category":null,"rttpg_excerpt":"Last updated: [August 24, 2025]Data Controller:Full Name: Esperanza TorrenteBrand: Profe en Espa\u00f1olContact Email: [info@profeenespa\u00f1ol.com] \ud83d\udd39 Who We Are I\u2019m Leidy Torrente, founder of Profe en Espa\u00f1ol, committed to respecting and protecting your privacy.This Privacy Policy explains what information I collect, how I use it, and what measures I take to ensure its protection. \ud83d\udd39 Information&hellip;","_links":{"self":[{"href":"https:\/\/xn--profeenespaol-skb.com\/en\/wp-json\/wp\/v2\/pages\/173","targetHints":{"allow":["GET"]}}],"collection":[{"href":"https:\/\/xn--profeenespaol-skb.com\/en\/wp-json\/wp\/v2\/pages"}],"about":[{"href":"https:\/\/xn--profeenespaol-skb.com\/en\/wp-json\/wp\/v2\/types\/page"}],"author":[{"embeddable":true,"href":"https:\/\/xn--profeenespaol-skb.com\/en\/wp-json\/wp\/v2\/users\/1"}],"replies":[{"embeddable":true,"href":"https:\/\/xn--profeenespaol-skb.com\/en\/wp-json\/wp\/v2\/comments?post=173"}],"version-history":[{"count":31,"href":"https:\/\/xn--profeenespaol-skb.com\/en\/wp-json\/wp\/v2\/pages\/173\/revisions"}],"predecessor-version":[{"id":1698,"href":"https:\/\/xn--profeenespaol-skb.com\/en\/wp-json\/wp\/v2\/pages\/173\/revisions\/1698"}],"wp:attachment":[{"href":"https:\/\/xn--profeenespaol-skb.com\/en\/wp-json\/wp\/v2\/media?parent=173"}],"curies":[{"name":"wp","href":"https:\/\/api.w.org\/{rel}","templated":true}]}}